{"id":1492,"date":"2017-01-20T15:08:09","date_gmt":"2017-01-20T14:08:09","guid":{"rendered":"http:\/\/www.zagarese.net\/en\/?page_id=1492"},"modified":"2024-09-13T10:36:31","modified_gmt":"2024-09-13T08:36:31","slug":"corporate-consulting","status":"publish","type":"page","link":"https:\/\/www.zagarese.net\/en\/corporate-consulting\/","title":{"rendered":"Corporate consulting"},"content":{"rendered":"<p>[et_pb_section admin_label=&#8221;section&#8221;][et_pb_row admin_label=&#8221;row&#8221; make_fullwidth=&#8221;off&#8221; use_custom_width=&#8221;off&#8221; width_unit=&#8221;on&#8221; custom_width_percent=&#8221;93%&#8221; use_custom_gutter=&#8221;off&#8221; padding_mobile=&#8221;off&#8221; allow_player_pause=&#8221;off&#8221; parallax=&#8221;off&#8221; parallax_method=&#8221;off&#8221; make_equal=&#8221;off&#8221; parallax_1=&#8221;off&#8221; parallax_method_1=&#8221;off&#8221; parallax_2=&#8221;off&#8221; parallax_method_2=&#8221;off&#8221; column_padding_mobile=&#8221;on&#8221; custom_css_main_element=&#8221;width: 96%;&#8221; custom_css_main_2=&#8221;background-color: cornsilk;||padding-right: 6px;||padding-left: 6px;||padding-top: 3%;||border: 1px lightgrey solid;&#8221;][et_pb_column type=&#8221;3_4&#8243;][et_pb_text admin_label=&#8221;Testo&#8221; background_layout=&#8221;light&#8221; text_orientation=&#8221;left&#8221; use_border_color=&#8221;off&#8221; border_color=&#8221;#ffffff&#8221; border_style=&#8221;solid&#8221;]<\/p>\n<h1><strong>Corporate consulting<\/strong><\/h1>\n<p><img loading=\"lazy\" decoding=\"async\" class=\"alignleft wp-image-1287 size-medium\" src=\"http:\/\/www.zagarese.net\/wp-content\/uploads\/2016\/12\/02.cons_aziendale-e1482160904605-300x150.png\" alt=\"02.cons_aziendale\" width=\"300\" height=\"150\" srcset=\"https:\/\/www.zagarese.net\/wp-content\/uploads\/2016\/12\/02.cons_aziendale-e1482160904605-300x150.png 300w, https:\/\/www.zagarese.net\/wp-content\/uploads\/2016\/12\/02.cons_aziendale-e1482160904605-768x384.png 768w, https:\/\/www.zagarese.net\/wp-content\/uploads\/2016\/12\/02.cons_aziendale-e1482160904605.png 873w\" sizes=\"(max-width: 300px) 100vw, 300px\" \/>Thanks to its solid experience over time, the Firm assists companies in the preparation of their financial statements, both interim and consolidated, assisting in their preparation together with the annexed documentation, in compliance with current legislation, national accounting standards and international standards (IAS\/IFRS).<\/p>\n<p>The Firm prepares financial statement analysis and calculation of indices, quotients, and financial flows, providing its clients support in their interpretation. This activity is also directed at companies that belong to corporate groups, both nationally and internationally, through the preparation of appropriate <em>reports<\/em> relating to the groups in their entirety.<\/p>\n<p>Every client of the Firm is assisted by a dedicated professional, who is in turn supported by other professionals with specific skills, with the possibility of holding meetings and events either at the Firm or at the company headquarters, depending on the specific needs.<\/p>\n<p>The Firm&#8217;s activities include:<\/p>\n<ul>\n<li>setting-up of accounts and corporate accounting procedures;<\/li>\n<li>assistance in keeping the industrial and analytical accounting;<\/li>\n<li>support in strategic and business planning processes;<\/li>\n<li>establishment of <em>internal audit<\/em> organizational models<em>;<\/em><\/li>\n<li>preparation of financial statements and consolidated financial statements in accordance with correct national accounting standards;<\/li>\n<li>preparation of financial reports;<\/li>\n<li>drafting of <em>budgets<\/em> and medium-term business plans;<\/li>\n<li>preparation of <em>business plans;<\/em><\/li>\n<li>preparation of specific statements in anticipation of extraordinary transactions or liquidation;<\/li>\n<li>provision of assistance to the administrative functions for the extrapolation of data necessary for the preparation of management <em>reports;<\/em><\/li>\n<li>preparation of interim financial statements;<\/li>\n<li>assistance in the transition to IAS-IFRS accounting principles;<\/li>\n<li>preparation of the financial statements and consolidated financial statements in accordance with IAS-IFRS principles;<\/li>\n<li>conduct of <em>impairment testing<\/em>, including the establishment and periodic updating of the related procedures;<\/li>\n<li>identification of <em>cash generating units<\/em> and the setting of the supply procedures for the relevant databases.<\/li>\n<\/ul>\n<p>The Firm organizes conferences dedicated to a large audience composed not only of clients but also of professionals and <em>managers,<\/em> during which current fiscal, corporate, and financial issues are addressed.<\/p>\n<p>[\/et_pb_text][\/et_pb_column][et_pb_column type=&#8221;1_4&#8243;][et_pb_sidebar admin_label=&#8221;Barra Laterale&#8221; orientation=&#8221;right&#8221; area=&#8221;et_pb_widget_area_9&#8243; background_layout=&#8221;light&#8221; remove_border=&#8221;on&#8221;]<\/p>\n<p>[\/et_pb_sidebar][\/et_pb_column][\/et_pb_row][\/et_pb_section]<\/p>\n","protected":false},"excerpt":{"rendered":"<p>Corporate consulting Thanks to its solid experience over time, the Firm assists companies in the preparation of their financial statements, both interim and consolidated, assisting in their preparation together with the annexed documentation, in compliance with current legislation, national accounting standards and international standards (IAS\/IFRS). The Firm prepares financial statement analysis and calculation of indices, [&hellip;]<\/p>\n","protected":false},"author":2,"featured_media":0,"parent":0,"menu_order":0,"comment_status":"closed","ping_status":"closed","template":"","meta":{"_et_pb_use_builder":"on","_et_pb_old_content":"<p>[et_pb_section admin_label=\"section\"][et_pb_row admin_label=\"row\" make_fullwidth=\"off\" use_custom_width=\"off\" width_unit=\"on\" custom_width_percent=\"93%\" use_custom_gutter=\"off\" padding_mobile=\"off\" allow_player_pause=\"off\" parallax=\"off\" parallax_method=\"off\" make_equal=\"off\" parallax_1=\"off\" parallax_method_1=\"off\" parallax_2=\"off\" parallax_method_2=\"off\" column_padding_mobile=\"on\" custom_css_main_element=\"width: 96%;\" custom_css_main_2=\"background-color: cornsilk;||padding-right: 6px;||padding-left: 6px;||padding-top: 3%;||border: 1px lightgrey solid;\"][et_pb_column type=\"3_4\"][et_pb_text admin_label=\"Testo\" background_layout=\"light\" text_orientation=\"left\" use_border_color=\"off\" border_color=\"#ffffff\" border_style=\"solid\"]<\/p><h1><strong>Area di consulenza aziendale<\/strong><\/h1><p><img class=\"alignleft wp-image-1287 size-medium\" src=\"http:\/\/www.zagarese.net\/wp-content\/uploads\/2016\/12\/02.cons_aziendale-e1482160904605-300x150.png\" alt=\"02.cons_aziendale\" width=\"300\" height=\"150\" \/>Grazie ad un\u2019esperienza consolidata nel tempo, lo Studio affianca le imprese nella stesura dei bilanci ordinari, consolidati e intermedi, supportando operativamente la formazione degli stessi e predisponendo i relativi documenti accompagnatori, nel rispetto della legislazione vigente e dei principi contabili nazionali (OIC) ed internazionali (IAS\/IFRS).<\/p><p>Lo Studio predispone analisi di bilancio e calcolo di indici, quozienti e flussi finanziari, fornendo ai propri clienti supporto nell\u2019interpretazione degli stessi. Tale attivit\u00e0 \u00e8 indirizzata anche alle societ\u00e0 che appartengono a gruppi societari, sia nazionali che internazionali, mediante la predisposizione di adeguati <em>report <\/em>relativi ai gruppi nel loro complesso.<\/p><p>Ogni cliente dello Studio viene assistito da un professionista dedicato, al quale si affiancano altri professionisti dello Studio in caso di competenze specifiche, con la possibilit\u00e0 di incontri e riunioni sia in Studio che presso la sede della societ\u00e0, in funzione delle esigenze.<\/p><p>L\u2019attivit\u00e0 dello Studio include:<\/p><ul><li>l\u2019impostazione del piano dei conti e delle procedure contabili aziendali;<\/li><li>l\u2019assistenza nella tenuta della contabilit\u00e0 industriale e analitica;<\/li><li>il supporto nei processi di pianificazione strategica ed industriale;<\/li><li>la predisposizione di modelli organizzativi di <em>internal audit;<\/em><\/li><li>la predisposizione di bilanci d\u2019esercizio e di bilanci consolidati secondo corretti principi contabili nazionali;<\/li><li>la redazione di rendiconti finanziari;<\/li><li>la stesura di <em>budget<\/em> e di piani industriali a medio termine;<\/li><li>la predisposizione del <em>business plan;<\/em><\/li><li>la predisposizione di bilanci specifici in occasione di operazioni straordinarie o in prospettiva di liquidazione;<\/li><li>l\u2019attivit\u00e0 di assistenza alle funzioni amministrative per l\u2019estrapolazione dei dati necessari per la stesura di <em>report<\/em> gestionali;<\/li><li>la redazione di bilanci infrannuali;<\/li><li>l\u2019assistenza nel processo di transizione ai principi contabili IAS-IFRS;<\/li><li>la predisposizione del bilancio d\u2019esercizio e del bilancio consolidato secondo i principi IAS-IFRS;<\/li><li>l\u2019effettuazione di <em>impairment test<\/em>, l\u2019impostazione e il periodico aggiornamento delle relative procedure;<\/li><li>l\u2019individuazione delle<em> cash generating units <\/em>e l\u2019impostazione delle procedure di alimentazione delle relative basi dati.<\/li><\/ul><p>Lo Studio organizza convegni dedicati ad una numerosa platea composta non solo dai propri clienti, ma anche da professionisti e da <em>manager<\/em>, durante i quali vengono affrontate tematiche di attualit\u00e0 di carattere fiscale, societario e finanziario.<\/p><p>[\/et_pb_text][\/et_pb_column][et_pb_column type=\"1_4\"][et_pb_sidebar admin_label=\"Barra Laterale\" orientation=\"right\" area=\"et_pb_widget_area_6\" background_layout=\"light\" remove_border=\"on\"] [\/et_pb_sidebar][\/et_pb_column][\/et_pb_row][\/et_pb_section]<\/p>","_et_gb_content_width":"","footnotes":""},"_links":{"self":[{"href":"https:\/\/www.zagarese.net\/en\/wp-json\/wp\/v2\/pages\/1492"}],"collection":[{"href":"https:\/\/www.zagarese.net\/en\/wp-json\/wp\/v2\/pages"}],"about":[{"href":"https:\/\/www.zagarese.net\/en\/wp-json\/wp\/v2\/types\/page"}],"author":[{"embeddable":true,"href":"https:\/\/www.zagarese.net\/en\/wp-json\/wp\/v2\/users\/2"}],"replies":[{"embeddable":true,"href":"https:\/\/www.zagarese.net\/en\/wp-json\/wp\/v2\/comments?post=1492"}],"version-history":[{"count":4,"href":"https:\/\/www.zagarese.net\/en\/wp-json\/wp\/v2\/pages\/1492\/revisions"}],"predecessor-version":[{"id":1526,"href":"https:\/\/www.zagarese.net\/en\/wp-json\/wp\/v2\/pages\/1492\/revisions\/1526"}],"wp:attachment":[{"href":"https:\/\/www.zagarese.net\/en\/wp-json\/wp\/v2\/media?parent=1492"}],"curies":[{"name":"wp","href":"https:\/\/api.w.org\/{rel}","templated":true}]}}