{"id":1485,"date":"2017-01-20T15:04:25","date_gmt":"2017-01-20T14:04:25","guid":{"rendered":"http:\/\/www.zagarese.net\/en\/?page_id=1485"},"modified":"2024-09-13T10:36:37","modified_gmt":"2024-09-13T08:36:37","slug":"national-taxation","status":"publish","type":"page","link":"https:\/\/www.zagarese.net\/en\/national-taxation\/","title":{"rendered":"National taxation"},"content":{"rendered":"<p>[et_pb_section admin_label=&#8221;section&#8221;][et_pb_row admin_label=&#8221;row&#8221; make_fullwidth=&#8221;off&#8221; use_custom_width=&#8221;off&#8221; width_unit=&#8221;on&#8221; custom_width_percent=&#8221;93%&#8221; use_custom_gutter=&#8221;off&#8221; padding_mobile=&#8221;off&#8221; allow_player_pause=&#8221;off&#8221; parallax=&#8221;off&#8221; parallax_method=&#8221;off&#8221; make_equal=&#8221;off&#8221; parallax_1=&#8221;off&#8221; parallax_method_1=&#8221;off&#8221; parallax_2=&#8221;off&#8221; parallax_method_2=&#8221;off&#8221; column_padding_mobile=&#8221;on&#8221; custom_css_main_element=&#8221;width: 96%;&#8221; custom_css_main_2=&#8221;background-color: cornsilk;||padding-right: 6px;||padding-left: 6px;||padding-top: 3%;||border: 1px lightgrey solid;&#8221;][et_pb_column type=&#8221;3_4&#8243;][et_pb_text admin_label=&#8221;Testo&#8221; background_layout=&#8221;light&#8221; text_orientation=&#8221;left&#8221; use_border_color=&#8221;off&#8221; border_color=&#8221;#ffffff&#8221; border_style=&#8221;solid&#8221;]<\/p>\n<h1><strong>National taxation<\/strong><\/h1>\n<p><img loading=\"lazy\" decoding=\"async\" class=\"alignleft size-medium wp-image-1293\" src=\"http:\/\/www.zagarese.net\/wp-content\/uploads\/2016\/11\/04.fisc-naz-300x200.jpg\" alt=\"04.fisc-naz\" width=\"300\" height=\"200\" srcset=\"https:\/\/www.zagarese.net\/wp-content\/uploads\/2016\/11\/04.fisc-naz-300x200.jpg 300w, https:\/\/www.zagarese.net\/wp-content\/uploads\/2016\/11\/04.fisc-naz-768x512.jpg 768w, https:\/\/www.zagarese.net\/wp-content\/uploads\/2016\/11\/04.fisc-naz.jpg 900w\" sizes=\"(max-width: 300px) 100vw, 300px\" \/><\/p>\n<p>The <em>mission<\/em> of Studio Zagarese &amp; Associati is to provide <em>tailor-made<\/em>, timely, and thorough solutions in tax matters, thanks to a well-organized structure and the continuous updating of its professionals. As a policy, the firm gives a special value to the analysis of the individual case and is always attentive to the particular needs of clients.<\/p>\n<p>Studio Zagarese &amp; Associati addresses the taxation of Italian companies and Italian subsidiaries of foreign companies that require customized tax assistance and supports them in ordinary business management activities and in their strategic and organizational decisions.<\/p>\n<p>The Firm is also very attentive to the principles of professional ethics, as well as to national and international regulations, thus ensuring reliable and accurate consulting services. With this in mind, the Firm selects professionals based on their proven experience in the field and their ability to work in <em>teams. <\/em><\/p>\n<p>The difficulties in each case are addressed by an interdisciplinary team, composed of professionals with decades of experience in the spheres of accounting, taxation, finance, and corporate law. This team conducts a thorough examination and discussion of the problem in order to develop the best possible solution. The <em>team<\/em>&#8216;s work is characterized by a particular aptitude for <em>problem-solving.<\/em><\/p>\n<p>Our professionals are available for the preparation of annual tax returns related to natural or legal persons, for the calculation of taxes due for the reporting period, as well as for any necessary consultation to comply with any and all tax regulations in force.<\/p>\n<p>The Firm provides consultation in the determination of indirect taxes, supporting the client in the preparation of VAT returns, the implementation of EU and non-EU indirect exchanges, the determination of the correct VAT regime for export-import operations, the compilation of Intrastat declarations, and making the subsequent monthly or quarterly VAT payments.<\/p>\n<p>The Firm also assists its clients in the performance of their declaratory obligations, both annual and interim reports. As authorized intermediaries, the Firm also provides for the telematic submission of forms and declarations to the competent government agencies.<\/p>\n<p>The business areas include:<\/p>\n<ul>\n<li>client support during start-up and reorganization phases;<\/li>\n<li>the determination of direct taxes;<\/li>\n<li>national-worldwide tax consolidation;<\/li>\n<li>Group VAT;<\/li>\n<li>tax planning for companies and individuals, with an assessment of the different options for special tax regimes;<\/li>\n<li>tax consultancy for real estate companies;<\/li>\n<li>preparation of opinions concerning the interpretation and application of the national tax law relating to the ordinary business activities;<\/li>\n<li>consulting services relating taxation of individual businesses, corporate groups, special tax regimes, <em>non-profit organizations,<\/em> <em>trusts,<\/em> generational transitions, and family business agreements;<\/li>\n<li><em>tax-audits;<\/em><\/li>\n<li>tax and accounting due diligence;<\/li>\n<li>consultation regarding taxation of <em>fringe benefits;<\/em><\/li>\n<li>management of relations with local authorities;<\/li>\n<li>calculation of local taxes;<\/li>\n<li>preparation and electronic submission of F24 payment forms;<\/li>\n<li>preparation of corporate circulars and in-company training activities;<\/li>\n<li>direct and indirect e-commerce;<\/li>\n<li><em>patent box tax regimes;<\/em><\/li>\n<li>tax credit for R&amp;D activities;<\/li>\n<li>preparation of official inquiries for the Revenue Office to clarify a point of tax law or a particular situation;<\/li>\n<li>assistance during tax audits and before tax authorities;<\/li>\n<li>examination of tax authorities&#8217; reports on a tax audit and formal notices of assessment;<\/li>\n<li>preparation and analysis of tax assessments with settlement;<\/li>\n<li>evaluation and preparation of judicial settlements even following claim &#8211; mediation procedures;<\/li>\n<li>assistance in the pre-litigation stage and examination of criminal-tax issues;<\/li>\n<li>assistance and representation in tax litigation in the different courts;<\/li>\n<\/ul>\n<p>&nbsp;<\/p>\n<p>With respect to fiscal and tax obligations in foreign countries, the Firm collaborates with accredited professionals in the international network to which it belongs.<\/p>\n<p>We assist companies in national and international groups in the preparation of the <em>reports<\/em> required at group level.<\/p>\n<p>[\/et_pb_text][\/et_pb_column][et_pb_column type=&#8221;1_4&#8243;][et_pb_sidebar admin_label=&#8221;Barra Laterale&#8221; orientation=&#8221;right&#8221; area=&#8221;et_pb_widget_area_9&#8243; background_layout=&#8221;light&#8221; remove_border=&#8221;on&#8221;]<\/p>\n<p>[\/et_pb_sidebar][\/et_pb_column][\/et_pb_row][\/et_pb_section]<\/p>\n","protected":false},"excerpt":{"rendered":"<p>National taxation The mission of Studio Zagarese &amp; Associati is to provide tailor-made, timely, and thorough solutions in tax matters, thanks to a well-organized structure and the continuous updating of its professionals. As a policy, the firm gives a special value to the analysis of the individual case and is always attentive to the particular [&hellip;]<\/p>\n","protected":false},"author":2,"featured_media":0,"parent":0,"menu_order":0,"comment_status":"closed","ping_status":"closed","template":"","meta":{"_et_pb_use_builder":"on","_et_pb_old_content":"[et_pb_section admin_label=\"section\"][et_pb_row admin_label=\"row\" make_fullwidth=\"off\" use_custom_width=\"off\" width_unit=\"on\" custom_width_percent=\"93%\" use_custom_gutter=\"off\" padding_mobile=\"off\" allow_player_pause=\"off\" parallax=\"off\" parallax_method=\"off\" make_equal=\"off\" parallax_1=\"off\" parallax_method_1=\"off\" parallax_2=\"off\" parallax_method_2=\"off\" column_padding_mobile=\"on\" custom_css_main_element=\"width: 96%;\" custom_css_main_2=\"background-color: cornsilk;||padding-right: 6px;||padding-left: 6px;||padding-top: 3%;||border: 1px lightgrey solid;\"][et_pb_column type=\"3_4\"][et_pb_text admin_label=\"Testo\" background_layout=\"light\" text_orientation=\"left\" use_border_color=\"off\" border_color=\"#ffffff\" border_style=\"solid\"]\r\n<h1><strong>Area fiscalit\u00e0 nazionale<\/strong><\/h1>\r\n<img class=\"alignleft size-medium wp-image-1293\" src=\"http:\/\/www.zagarese.net\/wp-content\/uploads\/2016\/11\/04.fisc-naz-300x200.jpg\" alt=\"04.fisc-naz\" width=\"300\" height=\"200\" \/>La <em>mission<\/em> dello Studio Zagarese & Associati consiste nell\u2019offrire al cliente soluzioni <em>tailor made<\/em>, tempestive ed approfondite in materia tributaria, grazie ad una struttura organizzata e al costante aggiornamento dei suoi professionisti, attribuendo particolare valore all\u2019analisi del singolo caso di volta in volta affrontato, assumendo un atteggiamento volto ad un attento ascolto delle particolari esigenze manifestate da chi richiede la nostra consulenza.\r\n\r\nLo Studio si occupa della fiscalit\u00e0 delle societ\u00e0 italiane e delle filiali italiane di societ\u00e0 estere che richiedono un'assistenza fiscale personalizzata che le supporti nelle ordinarie attivit\u00e0 di gestione aziendale e nelle loro scelte strategiche ed organizzative.\r\n\r\nLo Studio osserva in modo attento e puntuale i principi di etica professionale, cos\u00ec come la normativa nazionale e internazionale, garantendo cos\u00ec alla clientela una consulenza affidabile e puntuale. In quest\u2019ottica, lo Studio seleziona i professionisti in base alla loro comprovata esperienza maturata nel campo e alla loro capacit\u00e0 di lavorare in <em>team<\/em>.\r\n\r\nLe difficolt\u00e0 presenti in ogni pratica sono affrontate da un gruppo di lavoro interdisciplinare, composto da professionisti di esperienza decennale in ambito contabile, fiscale, finanziario e societario, il quale esamina il problema e si confronta al suo interno al fine di giungere alla migliore soluzione per la clientela. Il lavoro del <em>team<\/em> si connota da una particolare predisposizione al <em>problem-solving.<\/em>\r\nI professionisti dello Studio sono a disposizione del cliente: per la compilazione della dichiarazione dei redditi annuale relativa a persone fisiche e giuridiche, per il calcolo delle imposte dovute per il periodo di riferimento, per la consulenza necessaria a svolgere gli adempimenti tributari secondo le modalit\u00e0 e il <em>timing<\/em> richiesto dalla normativa fiscale in vigore.\r\n\r\nLo Studio offre consulenza nella determinazione delle imposte indirette, prestando assistenza al cliente nella predisposizione di dichiarazioni IVA, nell\u2019attuazione di triangolazioni comunitarie ed extra-comunitarie, nella determinazione del corretto regime Iva da applicare alle operazioni di import-export, nella compilazione di modelli riepilogativi Intrastat e nell\u2019effettuazione del successivo versamento della liquidazione periodica IVA mensile o trimestrale.\r\n\r\nLo studio assiste i clienti nell\u2019assolvimento degli obblighi dichiarativi, sia annuali che infrannuali. Quali intermediari abilitati provvediamo alla trasmissione telematica dei diversi modelli.\r\n\r\nLe aree di attivit\u00e0 comprendono inoltre:\r\n<ul>\r\n\t<li>l\u2019assistenza ai clienti nella fase di start-up e di riorganizzazione;<\/li>\r\n\t<li>la determinazione delle imposte dirette;<\/li>\r\n\t<li>il consolidato nazionale mondiale;<\/li>\r\n\t<li>IVA di gruppo;<\/li>\r\n\t<li>la pianificazione fiscale per le imprese e le persone fisiche, con valutazione della convenienza dell\u2019opzione per particolari regimi di tassazione;<\/li>\r\n\t<li>la consulenza fiscale a imprese immobiliari;<\/li>\r\n\t<li>la redazione di pareri riguardanti l\u2019interpretazione e l\u2019applicazione della normativa fiscale nazionale inerenti alla conduzione ordinaria dell\u2019attivit\u00e0 aziendale;<\/li>\r\n\t<li>la consulenza fiscale d\u2019impresa, dei gruppi societari, dei regimi fiscali speciali, dei soggetti <em>no-profit<\/em>, dei <em>trust<\/em>, dei passaggi generazionali e dei patti di famiglia;<\/li>\r\n\t<li><em>tax-audit<\/em>;<\/li>\r\n\t<li>l\u2019attivit\u00e0 di <em>due diligence<\/em> fiscale e contabile;<\/li>\r\n\t<li>la consulenza circa il regime fiscale dei <em>fringe benefit;<\/em><\/li>\r\n\t<li>la gestione dei rapporti con gli Enti locali;<\/li>\r\n\t<li>la determinazione dell\u2019importo dei tributi locali;<\/li>\r\n\t<li>la predisposizione e l\u2019invio telematico dei modelli di versamento F24;<\/li>\r\n\t<li>la predisposizione di circolari di aggiornamento e la formazione personalizzata in azienda;<\/li>\r\n\t<li>l\u2019<em>e-commerce <\/em>diretto e indiretto;<\/li>\r\n\t<li>il regime del <em>patent box;<\/em><\/li>\r\n\t<li>il credito d\u2019imposta per attivit\u00e0 di R & S;<\/li>\r\n\t<li>la predisposizione di interpelli fiscali;<\/li>\r\n\t<li>l\u2019assistenza durante le verifiche fiscali e innanzi agli Uffici dell\u2019amministrazione finanziaria;<\/li>\r\n\t<li>l\u2019esame di processi verbali di constatazione e degli avvisi di accertamento;<\/li>\r\n\t<li>l\u2019elaborazione ed analisi di proposte di accertamento con adesione;<\/li>\r\n\t<li>la valutazione ed elaborazione di ipotesi di conciliazione giudiziale anche in esito alla procedura di reclamo \u2013 mediazione;<\/li>\r\n\t<li>l\u2019assistenza nelle fasi del precontenzioso e l\u2019esame delle problematiche penali-tributarie;<\/li>\r\n\t<li>l\u2019assistenza e rappresentanza in sede di contenzioso tributario nei vari gradi di giudizio;<\/li>\r\n<\/ul>\r\n\u00a0\r\n\r\nPer l\u2019assolvimento degli adempimenti in Stati esteri, lo Studio si avvale della collaborazione di professionisti accreditati presso la rete internazionale di cui fa parte.\r\n\r\nAssistiamo le aziende che appartengono a gruppi nazionali e internazionali nella predisposizione di <em>report<\/em> richiesti a livello di gruppo.\r\n\r\n\u00a0\r\n\r\n[\/et_pb_text][\/et_pb_column][et_pb_column type=\"1_4\"][et_pb_sidebar admin_label=\"Barra Laterale\" orientation=\"right\" area=\"et_pb_widget_area_3\" background_layout=\"light\" remove_border=\"on\"] [\/et_pb_sidebar][\/et_pb_column][\/et_pb_row][\/et_pb_section]","_et_gb_content_width":"","footnotes":""},"_links":{"self":[{"href":"https:\/\/www.zagarese.net\/en\/wp-json\/wp\/v2\/pages\/1485"}],"collection":[{"href":"https:\/\/www.zagarese.net\/en\/wp-json\/wp\/v2\/pages"}],"about":[{"href":"https:\/\/www.zagarese.net\/en\/wp-json\/wp\/v2\/types\/page"}],"author":[{"embeddable":true,"href":"https:\/\/www.zagarese.net\/en\/wp-json\/wp\/v2\/users\/2"}],"replies":[{"embeddable":true,"href":"https:\/\/www.zagarese.net\/en\/wp-json\/wp\/v2\/comments?post=1485"}],"version-history":[{"count":3,"href":"https:\/\/www.zagarese.net\/en\/wp-json\/wp\/v2\/pages\/1485\/revisions"}],"predecessor-version":[{"id":1523,"href":"https:\/\/www.zagarese.net\/en\/wp-json\/wp\/v2\/pages\/1485\/revisions\/1523"}],"wp:attachment":[{"href":"https:\/\/www.zagarese.net\/en\/wp-json\/wp\/v2\/media?parent=1485"}],"curies":[{"name":"wp","href":"https:\/\/api.w.org\/{rel}","templated":true}]}}